{"id":2027,"date":"2021-10-18T12:41:16","date_gmt":"2021-10-18T12:41:16","guid":{"rendered":"https:\/\/alpinemacro.com\/?page_id=2027"},"modified":"2022-05-31T17:05:30","modified_gmt":"2022-05-31T17:05:30","slug":"merci-demande-dacces-dessai","status":"publish","type":"page","link":"https:\/\/alpinemacro.com\/fr\/merci-demande-dacces-dessai\/","title":{"rendered":"Merci demande d&rsquo;acc\u00e8s d&rsquo;essai"},"content":{"rendered":"<p>Merci pour votre demande d&rsquo;essai.<\/p>\n<p>Nous traitons votre demande d&rsquo;acc\u00e8s pour essayer le service d&rsquo;Alpine Macro et nous vous contacterons sous peu.<\/p>\n<p>N&rsquo;h\u00e9sitez pas \u00e0 nous contacter au <strong>+1 (514) 558-1414<\/strong>\u00a0si vous avez des questions.<\/p>\n<p>Salutations,<\/p>\n<p><em>Alpine Macro<\/em><\/p>\n","protected":false},"excerpt":{"rendered":"<p>Merci pour votre demande d&rsquo;essai. Nous traitons votre demande d&rsquo;acc\u00e8s pour essayer le service d&rsquo;Alpine Macro et nous vous contacterons sous peu. N&rsquo;h\u00e9sitez pas \u00e0 nous contacter au +1 (514) 558-1414\u00a0si vous avez des questions. Salutations, Alpine Macro<\/p>\n","protected":false},"author":9,"featured_media":0,"parent":0,"menu_order":0,"comment_status":"closed","ping_status":"closed","template":"","meta":{"_acf_changed":false,"footnotes":""},"class_list":["post-2027","page","type-page","status-publish","hentry"],"acf":[],"yoast_head":"<!-- This site is optimized with the Yoast SEO Premium plugin v26.9 (Yoast SEO v26.9) - https:\/\/yoast.com\/product\/yoast-seo-premium-wordpress\/ -->\n<title>Merci demande d&#039;acc\u00e8s d&#039;essai - Alpine Macro<\/title>\n<meta name=\"robots\" content=\"index, follow, max-snippet:-1, max-image-preview:large, max-video-preview:-1\" \/>\n<link rel=\"canonical\" href=\"https:\/\/alpinemacro.com\/fr\/merci-demande-dacces-dessai\/\" \/>\n<meta property=\"og:locale\" content=\"fr_FR\" \/>\n<meta property=\"og:type\" content=\"article\" \/>\n<meta property=\"og:title\" content=\"Merci demande d&#039;acc\u00e8s d&#039;essai\" \/>\n<meta property=\"og:description\" content=\"Merci pour votre demande d&rsquo;essai. Nous traitons votre demande d&rsquo;acc\u00e8s pour essayer le service d&rsquo;Alpine Macro et nous vous contacterons sous peu. N&rsquo;h\u00e9sitez pas \u00e0 nous contacter au +1 (514) 558-1414\u00a0si vous avez des questions. Salutations, Alpine Macro\" \/>\n<meta property=\"og:url\" content=\"https:\/\/alpinemacro.com\/fr\/merci-demande-dacces-dessai\/\" \/>\n<meta property=\"og:site_name\" content=\"Alpine Macro\" \/>\n<meta property=\"article:modified_time\" content=\"2022-05-31T17:05:30+00:00\" \/>\n<meta property=\"og:image\" content=\"https:\/\/alpinemacro.com\/wp-content\/uploads\/2022\/06\/logo-facebook.png\" \/>\n\t<meta property=\"og:image:width\" content=\"1200\" \/>\n\t<meta property=\"og:image:height\" content=\"630\" \/>\n\t<meta property=\"og:image:type\" content=\"image\/png\" \/>\n<meta name=\"twitter:card\" content=\"summary_large_image\" \/>\n<script type=\"application\/ld+json\" class=\"yoast-schema-graph\">{\"@context\":\"https:\/\/schema.org\",\"@graph\":[{\"@type\":\"WebPage\",\"@id\":\"https:\/\/alpinemacro.com\/fr\/merci-demande-dacces-dessai\/\",\"url\":\"https:\/\/alpinemacro.com\/fr\/merci-demande-dacces-dessai\/\",\"name\":\"Merci demande d'acc\u00e8s d'essai - Alpine Macro\",\"isPartOf\":{\"@id\":\"https:\/\/alpinemacro.com\/#website\"},\"datePublished\":\"2021-10-18T12:41:16+00:00\",\"dateModified\":\"2022-05-31T17:05:30+00:00\",\"breadcrumb\":{\"@id\":\"https:\/\/alpinemacro.com\/fr\/merci-demande-dacces-dessai\/#breadcrumb\"},\"inLanguage\":\"fr-FR\",\"potentialAction\":[{\"@type\":\"ReadAction\",\"target\":[\"https:\/\/alpinemacro.com\/fr\/merci-demande-dacces-dessai\/\"]}]},{\"@type\":\"BreadcrumbList\",\"@id\":\"https:\/\/alpinemacro.com\/fr\/merci-demande-dacces-dessai\/#breadcrumb\",\"itemListElement\":[{\"@type\":\"ListItem\",\"position\":1,\"name\":\"Home\",\"item\":\"https:\/\/alpinemacro.com\/fr\/accueil\/\"},{\"@type\":\"ListItem\",\"position\":2,\"name\":\"Merci demande d&rsquo;acc\u00e8s d&rsquo;essai\"}]},{\"@type\":\"WebSite\",\"@id\":\"https:\/\/alpinemacro.com\/#website\",\"url\":\"https:\/\/alpinemacro.com\/\",\"name\":\"Alpine Macro\",\"description\":\"Independent Investment Research | A Unique Mind On The Markets\",\"publisher\":{\"@id\":\"https:\/\/alpinemacro.com\/#organization\"},\"potentialAction\":[{\"@type\":\"SearchAction\",\"target\":{\"@type\":\"EntryPoint\",\"urlTemplate\":\"https:\/\/alpinemacro.com\/?s={search_term_string}\"},\"query-input\":{\"@type\":\"PropertyValueSpecification\",\"valueRequired\":true,\"valueName\":\"search_term_string\"}}],\"inLanguage\":\"fr-FR\"},{\"@type\":\"Organization\",\"@id\":\"https:\/\/alpinemacro.com\/#organization\",\"name\":\"Alpine Macro\",\"url\":\"https:\/\/alpinemacro.com\/\",\"logo\":{\"@type\":\"ImageObject\",\"inLanguage\":\"fr-FR\",\"@id\":\"https:\/\/alpinemacro.com\/#\/schema\/logo\/image\/\",\"url\":\"https:\/\/alpinemacro.com\/wp-content\/uploads\/2022\/06\/logo-facebook.png\",\"contentUrl\":\"https:\/\/alpinemacro.com\/wp-content\/uploads\/2022\/06\/logo-facebook.png\",\"width\":1200,\"height\":630,\"caption\":\"Alpine Macro\"},\"image\":{\"@id\":\"https:\/\/alpinemacro.com\/#\/schema\/logo\/image\/\"},\"sameAs\":[\"https:\/\/www.linkedin.com\/company\/alpine-macro\/mycompany\/\"]}]}<\/script>\n<!-- \/ Yoast SEO Premium plugin. -->","yoast_head_json":{"title":"Merci demande d'acc\u00e8s d'essai - Alpine Macro","robots":{"index":"index","follow":"follow","max-snippet":"max-snippet:-1","max-image-preview":"max-image-preview:large","max-video-preview":"max-video-preview:-1"},"canonical":"https:\/\/alpinemacro.com\/fr\/merci-demande-dacces-dessai\/","og_locale":"fr_FR","og_type":"article","og_title":"Merci demande d'acc\u00e8s d'essai","og_description":"Merci pour votre demande d&rsquo;essai. Nous traitons votre demande d&rsquo;acc\u00e8s pour essayer le service d&rsquo;Alpine Macro et nous vous contacterons sous peu. N&rsquo;h\u00e9sitez pas \u00e0 nous contacter au +1 (514) 558-1414\u00a0si vous avez des questions. Salutations, Alpine Macro","og_url":"https:\/\/alpinemacro.com\/fr\/merci-demande-dacces-dessai\/","og_site_name":"Alpine Macro","article_modified_time":"2022-05-31T17:05:30+00:00","og_image":[{"width":1200,"height":630,"url":"https:\/\/alpinemacro.com\/wp-content\/uploads\/2022\/06\/logo-facebook.png","type":"image\/png"}],"twitter_card":"summary_large_image","schema":{"@context":"https:\/\/schema.org","@graph":[{"@type":"WebPage","@id":"https:\/\/alpinemacro.com\/fr\/merci-demande-dacces-dessai\/","url":"https:\/\/alpinemacro.com\/fr\/merci-demande-dacces-dessai\/","name":"Merci demande d'acc\u00e8s d'essai - Alpine Macro","isPartOf":{"@id":"https:\/\/alpinemacro.com\/#website"},"datePublished":"2021-10-18T12:41:16+00:00","dateModified":"2022-05-31T17:05:30+00:00","breadcrumb":{"@id":"https:\/\/alpinemacro.com\/fr\/merci-demande-dacces-dessai\/#breadcrumb"},"inLanguage":"fr-FR","potentialAction":[{"@type":"ReadAction","target":["https:\/\/alpinemacro.com\/fr\/merci-demande-dacces-dessai\/"]}]},{"@type":"BreadcrumbList","@id":"https:\/\/alpinemacro.com\/fr\/merci-demande-dacces-dessai\/#breadcrumb","itemListElement":[{"@type":"ListItem","position":1,"name":"Home","item":"https:\/\/alpinemacro.com\/fr\/accueil\/"},{"@type":"ListItem","position":2,"name":"Merci demande d&rsquo;acc\u00e8s d&rsquo;essai"}]},{"@type":"WebSite","@id":"https:\/\/alpinemacro.com\/#website","url":"https:\/\/alpinemacro.com\/","name":"Alpine Macro","description":"Independent Investment Research | A Unique Mind On The Markets","publisher":{"@id":"https:\/\/alpinemacro.com\/#organization"},"potentialAction":[{"@type":"SearchAction","target":{"@type":"EntryPoint","urlTemplate":"https:\/\/alpinemacro.com\/?s={search_term_string}"},"query-input":{"@type":"PropertyValueSpecification","valueRequired":true,"valueName":"search_term_string"}}],"inLanguage":"fr-FR"},{"@type":"Organization","@id":"https:\/\/alpinemacro.com\/#organization","name":"Alpine Macro","url":"https:\/\/alpinemacro.com\/","logo":{"@type":"ImageObject","inLanguage":"fr-FR","@id":"https:\/\/alpinemacro.com\/#\/schema\/logo\/image\/","url":"https:\/\/alpinemacro.com\/wp-content\/uploads\/2022\/06\/logo-facebook.png","contentUrl":"https:\/\/alpinemacro.com\/wp-content\/uploads\/2022\/06\/logo-facebook.png","width":1200,"height":630,"caption":"Alpine Macro"},"image":{"@id":"https:\/\/alpinemacro.com\/#\/schema\/logo\/image\/"},"sameAs":["https:\/\/www.linkedin.com\/company\/alpine-macro\/mycompany\/"]}]}},"_links":{"self":[{"href":"https:\/\/alpinemacro.com\/fr\/wp-json\/wp\/v2\/pages\/2027","targetHints":{"allow":["GET"]}}],"collection":[{"href":"https:\/\/alpinemacro.com\/fr\/wp-json\/wp\/v2\/pages"}],"about":[{"href":"https:\/\/alpinemacro.com\/fr\/wp-json\/wp\/v2\/types\/page"}],"author":[{"embeddable":true,"href":"https:\/\/alpinemacro.com\/fr\/wp-json\/wp\/v2\/users\/9"}],"replies":[{"embeddable":true,"href":"https:\/\/alpinemacro.com\/fr\/wp-json\/wp\/v2\/comments?post=2027"}],"version-history":[{"count":1,"href":"https:\/\/alpinemacro.com\/fr\/wp-json\/wp\/v2\/pages\/2027\/revisions"}],"predecessor-version":[{"id":2028,"href":"https:\/\/alpinemacro.com\/fr\/wp-json\/wp\/v2\/pages\/2027\/revisions\/2028"}],"wp:attachment":[{"href":"https:\/\/alpinemacro.com\/fr\/wp-json\/wp\/v2\/media?parent=2027"}],"curies":[{"name":"wp","href":"https:\/\/api.w.org\/{rel}","templated":true}]}}