{"id":2020,"date":"2021-06-03T11:56:56","date_gmt":"2021-06-03T11:56:56","guid":{"rendered":"https:\/\/alpinemacro.com\/?page_id=2020"},"modified":"2022-05-31T16:50:48","modified_gmt":"2022-05-31T16:50:48","slug":"politique-sur-la-vie-privee","status":"publish","type":"page","link":"https:\/\/alpinemacro.com\/fr\/politique-sur-la-vie-privee\/","title":{"rendered":"Politique sur la vie priv\u00e9e"},"content":{"rendered":"<div class=\"et_pb_module et_pb_text et_pb_text_19 et_pb_text_align_left et_pb_bg_layout_light\">\n<div class=\"et_pb_text_inner\">\n<h3>Informations que nous recueillons<\/h3>\n<p>Lorsque vous interagissez avec notre site web, nous pourrions recueillir des informations personnelles susceptibles d&rsquo;\u00eatre utilis\u00e9es pour vous identifier. Cela comprend\u00a0:<\/p>\n<p><strong>Les informations personnelles que vous nous fournissez par le biais d&rsquo;un formulaire en ligne.<\/strong> Nous recueillons ces donn\u00e9es lorsque vous nous envoyez une demande de renseignements g\u00e9n\u00e9raux, que vous souhaitez faire un essai ou que vous vous inscrivez \u00e0 un \u00e9v\u00e9nement tel qu&rsquo;une web\u00e9mission ou une conf\u00e9rence. Dans ces cas, si vous choisissez de ne pas communiquer les donn\u00e9es personnelles que nous vous demandons, nous pourrions ne pas \u00eatre en mesure de r\u00e9pondre \u00e0 votre requ\u00eate ou de la traiter.<\/p>\n<p><strong>Les donn\u00e9es collect\u00e9es automatiquement.<\/strong> Certaines informations sont collect\u00e9es par le biais de cookies lors de votre navigation sur notre site web. Ces donn\u00e9es comprennent votre adresse IP, votre syst\u00e8me d&rsquo;exploitation et votre navigateur, ainsi que la date et l&rsquo;heure \u00e0 laquelle vous avez consult\u00e9 certaines pages du site. Il est possible de modifier les param\u00e8tres de votre navigateur pour d\u00e9sactiver les cookies, mais vous risquez alors de ne pas pouvoir utiliser pleinement notre site web.<\/p>\n<p><strong>Les informations provenant de parties tierces.\u00a0<\/strong> Il est possible que nous recueillions vos donn\u00e9es de contact aupr\u00e8s de tiers. Il peut s&rsquo;agir de votre nom, soci\u00e9t\u00e9, fonction et coordonn\u00e9es.<\/p>\n<h3>Comment utilisons-nous les informations que nous recueillons\u00a0?<\/h3>\n<p>Les informations que nous recueillons aupr\u00e8s de vous sont utilis\u00e9es, en grande partie, dans le but vis\u00e9 par leur collecte. Voici quelques-unes des raisons pour lesquelles nous proc\u00e9dons \u00e0 la collecte de vos informations personnelles\u00a0:<\/p>\n<p>pour r\u00e9pondre \u00e0 vos requ\u00eates g\u00e9n\u00e9rales\u00a0;<\/p>\n<p>pour vous permettre de faire des demandes d&rsquo;essais et d&rsquo;utiliser nos services\u00a0;<\/p>\n<p>pour faciliter les communications commerciales entre vous et nous, notamment en ce qui concerne la gestion des contrats, la facturation, le recouvrement et d&rsquo;autres op\u00e9rations commerciales courantes\u00a0;<\/p>\n<p>pour nous conformer \u00e0 l&rsquo;obligation de vous fournir des communications promotionnelles par courriel ou par t\u00e9l\u00e9phone sur des sujets int\u00e9ressants (que vous avez la possibilit\u00e9 de refuser \u00e0 tout moment)\u00a0;<\/p>\n<p>pour nous fournir des renseignements qui nous permettront d&rsquo;exploiter, de g\u00e9rer et d&rsquo;am\u00e9liorer nos services\u00a0;<\/p>\n<p>pour nous faire part des r\u00e9actions des utilisateurs afin de nous aider \u00e0 personnaliser notre site Web en fonction de vos int\u00e9r\u00eats et de vos pr\u00e9f\u00e9rences.<\/p>\n<h3>S\u00e9curit\u00e9<\/h3>\n<p>Nous appliquons des mesures de s\u00e9curit\u00e9 de nature physique, \u00e9lectronique et proc\u00e9durale afin de prot\u00e9ger vos donn\u00e9es personnelles contre toute perte, utilisation abusive, acc\u00e8s non autoris\u00e9, divulgation, alt\u00e9ration ou destruction.\u00a0 Nous utilisons une vari\u00e9t\u00e9 de technologies et de proc\u00e9dures de s\u00e9curit\u00e9 r\u00e9pondant aux normes de l&rsquo;industrie pour aider \u00e0 prot\u00e9ger vos informations personnelles contre tout acc\u00e8s, utilisation ou divulgation non autoris\u00e9s.\u00a0 Cependant, il convient de noter que la s\u00e9curit\u00e9 d&rsquo;aucune donn\u00e9e transmise sur Internet n&rsquo;est garantie \u00e0 100 %.<\/p>\n<h3>Divulgation des informations personnelles<\/h3>\n<p>Alpine Macro m\u00e8ne des activit\u00e9s dans le monde entier et partage des informations au niveau national dans le cadre de ses op\u00e9rations quotidiennes.\u00a0 Sauf autorisation de votre part, nous ne vendrons, ne distribuerons, ni ne louerons vos informations personnelles \u00e0 des parties tierces.\u00a0 Cependant, il se peut que nous divulguions vos informations en cas de n\u00e9cessit\u00e9 pour prot\u00e9ger nos droits l\u00e9gaux ou si les informations sont li\u00e9es \u00e0 un comportement nuisible r\u00e9el ou menac\u00e9.<\/p>\n<p>Conservation de vos renseignements personnels<\/p>\n<p>Vous pouvez nous contacter \u00e0 n&rsquo;importe quel moment pour acc\u00e9der aux renseignements personnels que nous d\u00e9tenons \u00e0 votre sujet, pour modifier ou corriger les informations fournies, ou pour supprimer compl\u00e8tement vos donn\u00e9es personnelles de nos syst\u00e8mes.\u00a0 Pour ce faire, vous pouvez nous contacter \u00e0 l&rsquo;adresse info@alpinemacro.com.<\/p>\n<h3>Liens vers d&rsquo;autres sites web<\/h3>\n<p>Notre site Internet peut contenir des liens vers d&rsquo;autres sites. Toutefois, apr\u00e8s avoir utilis\u00e9 ces liens pour quitter notre site, sachez que nous ne sommes pas responsables de la protection et de la confidentialit\u00e9 des renseignements que vous fournissez en visitant ces sites. Ces derniers ne sont pas r\u00e9gis par la pr\u00e9sente politique de confidentialit\u00e9. Nous vous recommandons de faire preuve de prudence et de consulter la d\u00e9claration de confidentialit\u00e9 applicable au site web en question.<\/p>\n<h3>Droits dans le cadre du RGPD<\/h3>\n<p>Si vous \u00eates un r\u00e9sident de l&rsquo;UE, vous disposez des droits ci-apr\u00e8s conform\u00e9ment au RGPD (R\u00e8glement g\u00e9n\u00e9ral sur la protection des donn\u00e9es) en ce qui concerne la collecte, le stockage et l&rsquo;utilisation de vos renseignements personnels\u00a0:<\/p>\n<ol>\n<li><strong>Le droit d&rsquo;\u00eatre inform\u00e9<\/strong> &#8211; vous avez le droit \u00e0 une totale transparence quant \u00e0 l&rsquo;utilisation de vos donn\u00e9es personnelles par une organisation.<\/li>\n<li><strong>Le droit d&rsquo;acc\u00e8s<\/strong> &#8211; vous avez le droit de savoir exactement quels renseignements sont d\u00e9tenus \u00e0 votre sujet et comment ils sont trait\u00e9s.<\/li>\n<li><strong>Le droit de rectification<\/strong> &#8211; vous avez le droit de faire rectifier des donn\u00e9es personnelles inexactes ou incompl\u00e8tes.<\/li>\n<li><strong>Le droit \u00e0 l&rsquo;effacement<\/strong> &#8211; \u00e9galement connu sous le nom de \u00ab\u00a0droit \u00e0 l&rsquo;oubli\u00a0\u00bb, vous avez le droit de demander que vos donn\u00e9es personnelles soient effac\u00e9es ou supprim\u00e9es sans une raison particuli\u00e8re.<\/li>\n<li><strong>Le droit de restreindre le traitement<\/strong> &#8211; vous pouvez emp\u00eacher ou supprimer le traitement de vos donn\u00e9es personnelles.<\/li>\n<li><strong>Le droit \u00e0 la portabilit\u00e9 des donn\u00e9es<\/strong> &#8211; vous avez le droit de conserver et de r\u00e9utiliser vos renseignements personnels pour votre propre usage.<\/li>\n<li><strong>Le droit d&rsquo;opposition<\/strong> &#8211; dans certains cas, vous avez le droit de vous opposer \u00e0 l&rsquo;utilisation de vos donn\u00e9es personnelles \u00e0 des fins telles que la commercialisation directe ou la recherche scientifique et historique.<\/li>\n<li><strong>Le droit \u00e0 la prise de d\u00e9cision automatis\u00e9e et au profilage<\/strong> &#8211; vous avez le droit de ne pas \u00eatre l&rsquo;objet d&rsquo;une d\u00e9cision fond\u00e9e sur un processus automatis\u00e9 (c&rsquo;est-\u00e0-dire r\u00e9alis\u00e9 sans intervention humaine) dont la cons\u00e9quence vous affecte de mani\u00e8re pr\u00e9judiciable ou l\u00e9gale.<\/li>\n<\/ol>\n<p>Si vous souhaitez faire valoir l&rsquo;un de vos droits conform\u00e9ment au RGPD, veuillez soumettre votre demande \u00e0 info@alpinemacro.com.<\/p>\n<h3>En consultant notre site Internet,<\/h3>\n<p>vous acceptez la pr\u00e9sente politique de confidentialit\u00e9. Celle-ci constitue l&rsquo;int\u00e9gralit\u00e9 de notre politique de confidentialit\u00e9 exclusive et pr\u00e9vaut sur toute version ant\u00e9rieure. Nous nous r\u00e9servons le droit de modifier notre politique de confidentialit\u00e9 en publiant une nouvelle version sur notre site. Toutefois, vous pouvez \u00e0 tout moment exiger une copie de la version en vigueur \u00e0 la date \u00e0 laquelle vous nous avez fourni vos renseignements.<\/p>\n<p>&nbsp;<\/p>\n<\/div>\n<\/div>\n","protected":false},"excerpt":{"rendered":"<p>Informations que nous recueillons Lorsque vous interagissez avec notre site web, nous pourrions recueillir des informations personnelles susceptibles d&rsquo;\u00eatre utilis\u00e9es pour vous identifier. Cela comprend\u00a0: Les informations personnelles que vous nous fournissez par le biais d&rsquo;un formulaire en ligne. Nous recueillons ces donn\u00e9es lorsque vous nous envoyez une demande de renseignements g\u00e9n\u00e9raux, que vous souhaitez [&hellip;]<\/p>\n","protected":false},"author":9,"featured_media":1759,"parent":0,"menu_order":0,"comment_status":"closed","ping_status":"closed","template":"","meta":{"_acf_changed":false,"footnotes":""},"class_list":["post-2020","page","type-page","status-publish","has-post-thumbnail","hentry"],"acf":[],"yoast_head":"<!-- This site is optimized with the Yoast SEO Premium plugin v26.9 (Yoast SEO v26.9) - https:\/\/yoast.com\/product\/yoast-seo-premium-wordpress\/ -->\n<title>Politique sur la vie priv\u00e9e - Alpine Macro<\/title>\n<meta name=\"robots\" content=\"index, follow, max-snippet:-1, max-image-preview:large, max-video-preview:-1\" \/>\n<link rel=\"canonical\" href=\"https:\/\/alpinemacro.com\/fr\/politique-sur-la-vie-privee\/\" \/>\n<meta property=\"og:locale\" content=\"fr_FR\" \/>\n<meta property=\"og:type\" content=\"article\" \/>\n<meta property=\"og:title\" content=\"Politique sur la vie priv\u00e9e\" \/>\n<meta property=\"og:description\" content=\"Informations que nous recueillons Lorsque vous interagissez avec notre site web, nous pourrions recueillir des informations personnelles susceptibles d&rsquo;\u00eatre utilis\u00e9es pour vous identifier. Cela comprend\u00a0: Les informations personnelles que vous nous fournissez par le biais d&rsquo;un formulaire en ligne. Nous recueillons ces donn\u00e9es lorsque vous nous envoyez une demande de renseignements g\u00e9n\u00e9raux, que vous souhaitez [&hellip;]\" \/>\n<meta property=\"og:url\" content=\"https:\/\/alpinemacro.com\/fr\/politique-sur-la-vie-privee\/\" \/>\n<meta property=\"og:site_name\" content=\"Alpine Macro\" \/>\n<meta property=\"article:modified_time\" content=\"2022-05-31T16:50:48+00:00\" \/>\n<meta property=\"og:image\" content=\"https:\/\/alpinemacro.com\/wp-content\/uploads\/2021\/06\/strategy-blue-bg.jpg\" \/>\n\t<meta property=\"og:image:width\" content=\"1920\" \/>\n\t<meta property=\"og:image:height\" content=\"635\" \/>\n\t<meta property=\"og:image:type\" content=\"image\/jpeg\" \/>\n<meta name=\"twitter:card\" content=\"summary_large_image\" \/>\n<meta name=\"twitter:label1\" content=\"Dur\u00e9e de lecture estim\u00e9e\" \/>\n\t<meta name=\"twitter:data1\" content=\"5 minutes\" \/>\n<script type=\"application\/ld+json\" class=\"yoast-schema-graph\">{\"@context\":\"https:\/\/schema.org\",\"@graph\":[{\"@type\":\"WebPage\",\"@id\":\"https:\/\/alpinemacro.com\/fr\/politique-sur-la-vie-privee\/\",\"url\":\"https:\/\/alpinemacro.com\/fr\/politique-sur-la-vie-privee\/\",\"name\":\"Politique sur la vie priv\u00e9e - Alpine Macro\",\"isPartOf\":{\"@id\":\"https:\/\/alpinemacro.com\/#website\"},\"primaryImageOfPage\":{\"@id\":\"https:\/\/alpinemacro.com\/fr\/politique-sur-la-vie-privee\/#primaryimage\"},\"image\":{\"@id\":\"https:\/\/alpinemacro.com\/fr\/politique-sur-la-vie-privee\/#primaryimage\"},\"thumbnailUrl\":\"https:\/\/alpinemacro.com\/wp-content\/uploads\/2021\/06\/strategy-blue-bg.jpg\",\"datePublished\":\"2021-06-03T11:56:56+00:00\",\"dateModified\":\"2022-05-31T16:50:48+00:00\",\"breadcrumb\":{\"@id\":\"https:\/\/alpinemacro.com\/fr\/politique-sur-la-vie-privee\/#breadcrumb\"},\"inLanguage\":\"fr-FR\",\"potentialAction\":[{\"@type\":\"ReadAction\",\"target\":[\"https:\/\/alpinemacro.com\/fr\/politique-sur-la-vie-privee\/\"]}]},{\"@type\":\"ImageObject\",\"inLanguage\":\"fr-FR\",\"@id\":\"https:\/\/alpinemacro.com\/fr\/politique-sur-la-vie-privee\/#primaryimage\",\"url\":\"https:\/\/alpinemacro.com\/wp-content\/uploads\/2021\/06\/strategy-blue-bg.jpg\",\"contentUrl\":\"https:\/\/alpinemacro.com\/wp-content\/uploads\/2021\/06\/strategy-blue-bg.jpg\",\"width\":1920,\"height\":635},{\"@type\":\"BreadcrumbList\",\"@id\":\"https:\/\/alpinemacro.com\/fr\/politique-sur-la-vie-privee\/#breadcrumb\",\"itemListElement\":[{\"@type\":\"ListItem\",\"position\":1,\"name\":\"Home\",\"item\":\"https:\/\/alpinemacro.com\/fr\/accueil\/\"},{\"@type\":\"ListItem\",\"position\":2,\"name\":\"Politique sur la vie priv\u00e9e\"}]},{\"@type\":\"WebSite\",\"@id\":\"https:\/\/alpinemacro.com\/#website\",\"url\":\"https:\/\/alpinemacro.com\/\",\"name\":\"Alpine Macro\",\"description\":\"Independent Investment Research | A Unique Mind On The Markets\",\"publisher\":{\"@id\":\"https:\/\/alpinemacro.com\/#organization\"},\"potentialAction\":[{\"@type\":\"SearchAction\",\"target\":{\"@type\":\"EntryPoint\",\"urlTemplate\":\"https:\/\/alpinemacro.com\/?s={search_term_string}\"},\"query-input\":{\"@type\":\"PropertyValueSpecification\",\"valueRequired\":true,\"valueName\":\"search_term_string\"}}],\"inLanguage\":\"fr-FR\"},{\"@type\":\"Organization\",\"@id\":\"https:\/\/alpinemacro.com\/#organization\",\"name\":\"Alpine Macro\",\"url\":\"https:\/\/alpinemacro.com\/\",\"logo\":{\"@type\":\"ImageObject\",\"inLanguage\":\"fr-FR\",\"@id\":\"https:\/\/alpinemacro.com\/#\/schema\/logo\/image\/\",\"url\":\"https:\/\/alpinemacro.com\/wp-content\/uploads\/2022\/06\/logo-facebook.png\",\"contentUrl\":\"https:\/\/alpinemacro.com\/wp-content\/uploads\/2022\/06\/logo-facebook.png\",\"width\":1200,\"height\":630,\"caption\":\"Alpine Macro\"},\"image\":{\"@id\":\"https:\/\/alpinemacro.com\/#\/schema\/logo\/image\/\"},\"sameAs\":[\"https:\/\/www.linkedin.com\/company\/alpine-macro\/mycompany\/\"]}]}<\/script>\n<!-- \/ Yoast SEO Premium plugin. -->","yoast_head_json":{"title":"Politique sur la vie priv\u00e9e - Alpine Macro","robots":{"index":"index","follow":"follow","max-snippet":"max-snippet:-1","max-image-preview":"max-image-preview:large","max-video-preview":"max-video-preview:-1"},"canonical":"https:\/\/alpinemacro.com\/fr\/politique-sur-la-vie-privee\/","og_locale":"fr_FR","og_type":"article","og_title":"Politique sur la vie priv\u00e9e","og_description":"Informations que nous recueillons Lorsque vous interagissez avec notre site web, nous pourrions recueillir des informations personnelles susceptibles d&rsquo;\u00eatre utilis\u00e9es pour vous identifier. Cela comprend\u00a0: Les informations personnelles que vous nous fournissez par le biais d&rsquo;un formulaire en ligne. Nous recueillons ces donn\u00e9es lorsque vous nous envoyez une demande de renseignements g\u00e9n\u00e9raux, que vous souhaitez [&hellip;]","og_url":"https:\/\/alpinemacro.com\/fr\/politique-sur-la-vie-privee\/","og_site_name":"Alpine Macro","article_modified_time":"2022-05-31T16:50:48+00:00","og_image":[{"width":1920,"height":635,"url":"https:\/\/alpinemacro.com\/wp-content\/uploads\/2021\/06\/strategy-blue-bg.jpg","type":"image\/jpeg"}],"twitter_card":"summary_large_image","twitter_misc":{"Dur\u00e9e de lecture estim\u00e9e":"5 minutes"},"schema":{"@context":"https:\/\/schema.org","@graph":[{"@type":"WebPage","@id":"https:\/\/alpinemacro.com\/fr\/politique-sur-la-vie-privee\/","url":"https:\/\/alpinemacro.com\/fr\/politique-sur-la-vie-privee\/","name":"Politique sur la vie priv\u00e9e - Alpine Macro","isPartOf":{"@id":"https:\/\/alpinemacro.com\/#website"},"primaryImageOfPage":{"@id":"https:\/\/alpinemacro.com\/fr\/politique-sur-la-vie-privee\/#primaryimage"},"image":{"@id":"https:\/\/alpinemacro.com\/fr\/politique-sur-la-vie-privee\/#primaryimage"},"thumbnailUrl":"https:\/\/alpinemacro.com\/wp-content\/uploads\/2021\/06\/strategy-blue-bg.jpg","datePublished":"2021-06-03T11:56:56+00:00","dateModified":"2022-05-31T16:50:48+00:00","breadcrumb":{"@id":"https:\/\/alpinemacro.com\/fr\/politique-sur-la-vie-privee\/#breadcrumb"},"inLanguage":"fr-FR","potentialAction":[{"@type":"ReadAction","target":["https:\/\/alpinemacro.com\/fr\/politique-sur-la-vie-privee\/"]}]},{"@type":"ImageObject","inLanguage":"fr-FR","@id":"https:\/\/alpinemacro.com\/fr\/politique-sur-la-vie-privee\/#primaryimage","url":"https:\/\/alpinemacro.com\/wp-content\/uploads\/2021\/06\/strategy-blue-bg.jpg","contentUrl":"https:\/\/alpinemacro.com\/wp-content\/uploads\/2021\/06\/strategy-blue-bg.jpg","width":1920,"height":635},{"@type":"BreadcrumbList","@id":"https:\/\/alpinemacro.com\/fr\/politique-sur-la-vie-privee\/#breadcrumb","itemListElement":[{"@type":"ListItem","position":1,"name":"Home","item":"https:\/\/alpinemacro.com\/fr\/accueil\/"},{"@type":"ListItem","position":2,"name":"Politique sur la vie priv\u00e9e"}]},{"@type":"WebSite","@id":"https:\/\/alpinemacro.com\/#website","url":"https:\/\/alpinemacro.com\/","name":"Alpine Macro","description":"Independent Investment Research | A Unique Mind On The Markets","publisher":{"@id":"https:\/\/alpinemacro.com\/#organization"},"potentialAction":[{"@type":"SearchAction","target":{"@type":"EntryPoint","urlTemplate":"https:\/\/alpinemacro.com\/?s={search_term_string}"},"query-input":{"@type":"PropertyValueSpecification","valueRequired":true,"valueName":"search_term_string"}}],"inLanguage":"fr-FR"},{"@type":"Organization","@id":"https:\/\/alpinemacro.com\/#organization","name":"Alpine Macro","url":"https:\/\/alpinemacro.com\/","logo":{"@type":"ImageObject","inLanguage":"fr-FR","@id":"https:\/\/alpinemacro.com\/#\/schema\/logo\/image\/","url":"https:\/\/alpinemacro.com\/wp-content\/uploads\/2022\/06\/logo-facebook.png","contentUrl":"https:\/\/alpinemacro.com\/wp-content\/uploads\/2022\/06\/logo-facebook.png","width":1200,"height":630,"caption":"Alpine Macro"},"image":{"@id":"https:\/\/alpinemacro.com\/#\/schema\/logo\/image\/"},"sameAs":["https:\/\/www.linkedin.com\/company\/alpine-macro\/mycompany\/"]}]}},"_links":{"self":[{"href":"https:\/\/alpinemacro.com\/fr\/wp-json\/wp\/v2\/pages\/2020","targetHints":{"allow":["GET"]}}],"collection":[{"href":"https:\/\/alpinemacro.com\/fr\/wp-json\/wp\/v2\/pages"}],"about":[{"href":"https:\/\/alpinemacro.com\/fr\/wp-json\/wp\/v2\/types\/page"}],"author":[{"embeddable":true,"href":"https:\/\/alpinemacro.com\/fr\/wp-json\/wp\/v2\/users\/9"}],"replies":[{"embeddable":true,"href":"https:\/\/alpinemacro.com\/fr\/wp-json\/wp\/v2\/comments?post=2020"}],"version-history":[{"count":3,"href":"https:\/\/alpinemacro.com\/fr\/wp-json\/wp\/v2\/pages\/2020\/revisions"}],"predecessor-version":[{"id":2023,"href":"https:\/\/alpinemacro.com\/fr\/wp-json\/wp\/v2\/pages\/2020\/revisions\/2023"}],"wp:featuredmedia":[{"embeddable":true,"href":"https:\/\/alpinemacro.com\/fr\/wp-json\/wp\/v2\/media\/1759"}],"wp:attachment":[{"href":"https:\/\/alpinemacro.com\/fr\/wp-json\/wp\/v2\/media?parent=2020"}],"curies":[{"name":"wp","href":"https:\/\/api.w.org\/{rel}","templated":true}]}}